{"id":587,"date":"2023-11-02T15:04:02","date_gmt":"2023-11-02T08:04:02","guid":{"rendered":"https:\/\/adavietnamm.brandinfo.vn\/?post_type=product&#038;p=587"},"modified":"2024-09-16T17:16:24","modified_gmt":"2024-09-16T10:16:24","slug":"da01-trung-tam-hanh-chinh-thanh-pho-nha-trang","status":"publish","type":"product","link":"https:\/\/adavietnam.com\/books\/san-pham\/da01-trung-tam-hanh-chinh-thanh-pho-nha-trang\/","title":{"rendered":"[DA01] Trung t\u00e2m h\u00e0nh ch\u00ednh th\u00e0nh ph\u1ed1 Nha Trang"},"content":{"rendered":"","protected":false},"excerpt":{"rendered":"","protected":false},"featured_media":3103,"comment_status":"open","ping_status":"closed","template":"","meta":[],"product_brand":[],"product_cat":[33],"product_tag":[],"class_list":{"0":"post-587","1":"product","2":"type-product","3":"status-publish","4":"has-post-thumbnail","6":"product_cat-cong-trinh-chuc-nang-hon-hop","8":"first","9":"instock","10":"shipping-taxable","11":"product-type-simple"},"jetpack_sharing_enabled":true,"_links":{"self":[{"href":"https:\/\/adavietnam.com\/books\/wp-json\/wp\/v2\/product\/587"}],"collection":[{"href":"https:\/\/adavietnam.com\/books\/wp-json\/wp\/v2\/product"}],"about":[{"href":"https:\/\/adavietnam.com\/books\/wp-json\/wp\/v2\/types\/product"}],"replies":[{"embeddable":true,"href":"https:\/\/adavietnam.com\/books\/wp-json\/wp\/v2\/comments?post=587"}],"wp:featuredmedia":[{"embeddable":true,"href":"https:\/\/adavietnam.com\/books\/wp-json\/wp\/v2\/media\/3103"}],"wp:attachment":[{"href":"https:\/\/adavietnam.com\/books\/wp-json\/wp\/v2\/media?parent=587"}],"wp:term":[{"taxonomy":"product_brand","embeddable":true,"href":"https:\/\/adavietnam.com\/books\/wp-json\/wp\/v2\/product_brand?post=587"},{"taxonomy":"product_cat","embeddable":true,"href":"https:\/\/adavietnam.com\/books\/wp-json\/wp\/v2\/product_cat?post=587"},{"taxonomy":"product_tag","embeddable":true,"href":"https:\/\/adavietnam.com\/books\/wp-json\/wp\/v2\/product_tag?post=587"}],"curies":[{"name":"wp","href":"https:\/\/api.w.org\/{rel}","templated":true}]}}