{"id":582,"date":"2023-11-02T15:01:51","date_gmt":"2023-11-02T08:01:51","guid":{"rendered":"https:\/\/adavietnamm.brandinfo.vn\/?post_type=product&#038;p=582"},"modified":"2024-09-16T17:24:41","modified_gmt":"2024-09-16T10:24:41","slug":"870-trung-tam-hanh-chinh-thanh-pho-pho-yen","status":"publish","type":"product","link":"https:\/\/adavietnam.com\/books\/san-pham\/870-trung-tam-hanh-chinh-thanh-pho-pho-yen\/","title":{"rendered":"[870] Trung t\u00e2m h\u00e0nh ch\u00ednh th\u00e0nh ph\u1ed1 Ph\u1ed5 Y\u00ean"},"content":{"rendered":"","protected":false},"excerpt":{"rendered":"","protected":false},"featured_media":3139,"comment_status":"open","ping_status":"closed","template":"","meta":[],"product_brand":[],"product_cat":[33],"product_tag":[],"class_list":{"0":"post-582","1":"product","2":"type-product","3":"status-publish","4":"has-post-thumbnail","6":"product_cat-cong-trinh-chuc-nang-hon-hop","8":"first","9":"instock","10":"shipping-taxable","11":"product-type-simple"},"jetpack_sharing_enabled":true,"_links":{"self":[{"href":"https:\/\/adavietnam.com\/books\/wp-json\/wp\/v2\/product\/582"}],"collection":[{"href":"https:\/\/adavietnam.com\/books\/wp-json\/wp\/v2\/product"}],"about":[{"href":"https:\/\/adavietnam.com\/books\/wp-json\/wp\/v2\/types\/product"}],"replies":[{"embeddable":true,"href":"https:\/\/adavietnam.com\/books\/wp-json\/wp\/v2\/comments?post=582"}],"wp:featuredmedia":[{"embeddable":true,"href":"https:\/\/adavietnam.com\/books\/wp-json\/wp\/v2\/media\/3139"}],"wp:attachment":[{"href":"https:\/\/adavietnam.com\/books\/wp-json\/wp\/v2\/media?parent=582"}],"wp:term":[{"taxonomy":"product_brand","embeddable":true,"href":"https:\/\/adavietnam.com\/books\/wp-json\/wp\/v2\/product_brand?post=582"},{"taxonomy":"product_cat","embeddable":true,"href":"https:\/\/adavietnam.com\/books\/wp-json\/wp\/v2\/product_cat?post=582"},{"taxonomy":"product_tag","embeddable":true,"href":"https:\/\/adavietnam.com\/books\/wp-json\/wp\/v2\/product_tag?post=582"}],"curies":[{"name":"wp","href":"https:\/\/api.w.org\/{rel}","templated":true}]}}