{"id":574,"date":"2023-11-02T14:57:28","date_gmt":"2023-11-02T07:57:28","guid":{"rendered":"https:\/\/adavietnamm.brandinfo.vn\/?post_type=product&#038;p=574"},"modified":"2024-09-16T17:29:19","modified_gmt":"2024-09-16T10:29:19","slug":"705-trung-tam-hanh-chinh-huyen-tu-ky","status":"publish","type":"product","link":"https:\/\/adavietnam.com\/books\/san-pham\/705-trung-tam-hanh-chinh-huyen-tu-ky\/","title":{"rendered":"[705] Trung t\u00e2m h\u00e0nh ch\u00ednh huy\u1ec7n T\u1ee9 K\u1ef3"},"content":{"rendered":"","protected":false},"excerpt":{"rendered":"","protected":false},"featured_media":3193,"comment_status":"open","ping_status":"closed","template":"","meta":[],"product_brand":[],"product_cat":[33],"product_tag":[],"class_list":{"0":"post-574","1":"product","2":"type-product","3":"status-publish","4":"has-post-thumbnail","6":"product_cat-cong-trinh-chuc-nang-hon-hop","8":"first","9":"instock","10":"shipping-taxable","11":"product-type-simple"},"jetpack_sharing_enabled":true,"_links":{"self":[{"href":"https:\/\/adavietnam.com\/books\/wp-json\/wp\/v2\/product\/574"}],"collection":[{"href":"https:\/\/adavietnam.com\/books\/wp-json\/wp\/v2\/product"}],"about":[{"href":"https:\/\/adavietnam.com\/books\/wp-json\/wp\/v2\/types\/product"}],"replies":[{"embeddable":true,"href":"https:\/\/adavietnam.com\/books\/wp-json\/wp\/v2\/comments?post=574"}],"wp:featuredmedia":[{"embeddable":true,"href":"https:\/\/adavietnam.com\/books\/wp-json\/wp\/v2\/media\/3193"}],"wp:attachment":[{"href":"https:\/\/adavietnam.com\/books\/wp-json\/wp\/v2\/media?parent=574"}],"wp:term":[{"taxonomy":"product_brand","embeddable":true,"href":"https:\/\/adavietnam.com\/books\/wp-json\/wp\/v2\/product_brand?post=574"},{"taxonomy":"product_cat","embeddable":true,"href":"https:\/\/adavietnam.com\/books\/wp-json\/wp\/v2\/product_cat?post=574"},{"taxonomy":"product_tag","embeddable":true,"href":"https:\/\/adavietnam.com\/books\/wp-json\/wp\/v2\/product_tag?post=574"}],"curies":[{"name":"wp","href":"https:\/\/api.w.org\/{rel}","templated":true}]}}