{"id":528,"date":"2023-11-02T14:15:22","date_gmt":"2023-11-02T07:15:22","guid":{"rendered":"https:\/\/adavietnamm.brandinfo.vn\/?post_type=product&#038;p=528"},"modified":"2024-09-16T17:04:22","modified_gmt":"2024-09-16T10:04:22","slug":"544-khu-do-thi-sinh-thai-dong-nam-dao-long-son","status":"publish","type":"product","link":"https:\/\/adavietnam.com\/books\/san-pham\/544-khu-do-thi-sinh-thai-dong-nam-dao-long-son\/","title":{"rendered":"[544] Khu \u0111\u00f4 th\u1ecb sinh th\u00e1i \u0110\u00f4ng nam \u0111\u1ea3o Long S\u01a1n"},"content":{"rendered":"","protected":false},"excerpt":{"rendered":"","protected":false},"featured_media":1378,"comment_status":"open","ping_status":"closed","template":"","meta":[],"product_brand":[],"product_cat":[31],"product_tag":[],"class_list":{"0":"post-528","1":"product","2":"type-product","3":"status-publish","4":"has-post-thumbnail","6":"product_cat-quy-hoach","8":"first","9":"instock","10":"shipping-taxable","11":"product-type-simple"},"jetpack_sharing_enabled":true,"_links":{"self":[{"href":"https:\/\/adavietnam.com\/books\/wp-json\/wp\/v2\/product\/528"}],"collection":[{"href":"https:\/\/adavietnam.com\/books\/wp-json\/wp\/v2\/product"}],"about":[{"href":"https:\/\/adavietnam.com\/books\/wp-json\/wp\/v2\/types\/product"}],"replies":[{"embeddable":true,"href":"https:\/\/adavietnam.com\/books\/wp-json\/wp\/v2\/comments?post=528"}],"wp:featuredmedia":[{"embeddable":true,"href":"https:\/\/adavietnam.com\/books\/wp-json\/wp\/v2\/media\/1378"}],"wp:attachment":[{"href":"https:\/\/adavietnam.com\/books\/wp-json\/wp\/v2\/media?parent=528"}],"wp:term":[{"taxonomy":"product_brand","embeddable":true,"href":"https:\/\/adavietnam.com\/books\/wp-json\/wp\/v2\/product_brand?post=528"},{"taxonomy":"product_cat","embeddable":true,"href":"https:\/\/adavietnam.com\/books\/wp-json\/wp\/v2\/product_cat?post=528"},{"taxonomy":"product_tag","embeddable":true,"href":"https:\/\/adavietnam.com\/books\/wp-json\/wp\/v2\/product_tag?post=528"}],"curies":[{"name":"wp","href":"https:\/\/api.w.org\/{rel}","templated":true}]}}