{"id":3962,"date":"2024-09-17T14:19:06","date_gmt":"2024-09-17T07:19:06","guid":{"rendered":"https:\/\/adavietnam.com\/books\/?post_type=product&#038;p=3962"},"modified":"2024-10-17T11:55:22","modified_gmt":"2024-10-17T04:55:22","slug":"toi-uu-hoa-va-da-dang-hoa-chuc-nang-cac-khong-gian-bi-lang-quen-trong-do-thi","status":"publish","type":"product","link":"https:\/\/adavietnam.com\/books\/san-pham\/toi-uu-hoa-va-da-dang-hoa-chuc-nang-cac-khong-gian-bi-lang-quen-trong-do-thi\/","title":{"rendered":"T\u1ed1i \u01b0u h\u00f3a v\u00e0 \u0111a d\u1ea1ng h\u00f3a ch\u1ee9c n\u0103ng c\u00e1c kh\u00f4ng gian b\u1ecb l\u00e3ng qu\u00ean trong \u0111\u00f4 th\u1ecb"},"content":{"rendered":"<p>S\u00e1ch s\u1eafp xu\u1ea5t b\u1ea3n<\/p>\n","protected":false},"excerpt":{"rendered":"<p>S\u00e1ch s\u1eafp xu\u1ea5t b\u1ea3n<\/p>\n","protected":false},"featured_media":0,"comment_status":"open","ping_status":"closed","template":"","meta":[],"product_brand":[],"product_cat":[884],"product_tag":[],"class_list":{"0":"post-3962","1":"product","2":"type-product","3":"status-publish","5":"product_cat-sach-sap-xuat-ban","7":"first","8":"instock","9":"shipping-taxable","10":"product-type-simple"},"jetpack_sharing_enabled":true,"_links":{"self":[{"href":"https:\/\/adavietnam.com\/books\/wp-json\/wp\/v2\/product\/3962"}],"collection":[{"href":"https:\/\/adavietnam.com\/books\/wp-json\/wp\/v2\/product"}],"about":[{"href":"https:\/\/adavietnam.com\/books\/wp-json\/wp\/v2\/types\/product"}],"replies":[{"embeddable":true,"href":"https:\/\/adavietnam.com\/books\/wp-json\/wp\/v2\/comments?post=3962"}],"wp:attachment":[{"href":"https:\/\/adavietnam.com\/books\/wp-json\/wp\/v2\/media?parent=3962"}],"wp:term":[{"taxonomy":"product_brand","embeddable":true,"href":"https:\/\/adavietnam.com\/books\/wp-json\/wp\/v2\/product_brand?post=3962"},{"taxonomy":"product_cat","embeddable":true,"href":"https:\/\/adavietnam.com\/books\/wp-json\/wp\/v2\/product_cat?post=3962"},{"taxonomy":"product_tag","embeddable":true,"href":"https:\/\/adavietnam.com\/books\/wp-json\/wp\/v2\/product_tag?post=3962"}],"curies":[{"name":"wp","href":"https:\/\/api.w.org\/{rel}","templated":true}]}}