{"id":3960,"date":"2024-09-17T14:17:37","date_gmt":"2024-09-17T07:17:37","guid":{"rendered":"https:\/\/adavietnam.com\/books\/?post_type=product&#038;p=3960"},"modified":"2024-10-17T11:55:36","modified_gmt":"2024-10-17T04:55:36","slug":"hien-dai-hoa-ban-dia-trong-thiet-ke-va-xay-dung-nha-o-nong-thon-vung-ven-do-thi-mien-bac-viet-nam","status":"publish","type":"product","link":"https:\/\/adavietnam.com\/books\/san-pham\/hien-dai-hoa-ban-dia-trong-thiet-ke-va-xay-dung-nha-o-nong-thon-vung-ven-do-thi-mien-bac-viet-nam\/","title":{"rendered":"Hi\u1ec7n \u0111\u1ea1i h\u00f3a b\u1ea3n \u0111\u1ecba trong thi\u1ebft k\u1ebf v\u00e0 x\u00e2y d\u1ef1ng nh\u00e0 \u1edf n\u00f4ng th\u00f4n v\u00f9ng ven \u0111\u00f4 th\u1ecb mi\u1ec1n B\u1eafc Vi\u1ec7t Nam"},"content":{"rendered":"<p>S\u00e1ch s\u1eafp xu\u1ea5t b\u1ea3n<\/p>\n","protected":false},"excerpt":{"rendered":"<p>S\u00e1ch s\u1eafp xu\u1ea5t b\u1ea3n<\/p>\n","protected":false},"featured_media":0,"comment_status":"open","ping_status":"closed","template":"","meta":[],"product_brand":[],"product_cat":[884],"product_tag":[],"class_list":{"0":"post-3960","1":"product","2":"type-product","3":"status-publish","5":"product_cat-sach-sap-xuat-ban","7":"first","8":"instock","9":"shipping-taxable","10":"product-type-simple"},"jetpack_sharing_enabled":true,"_links":{"self":[{"href":"https:\/\/adavietnam.com\/books\/wp-json\/wp\/v2\/product\/3960"}],"collection":[{"href":"https:\/\/adavietnam.com\/books\/wp-json\/wp\/v2\/product"}],"about":[{"href":"https:\/\/adavietnam.com\/books\/wp-json\/wp\/v2\/types\/product"}],"replies":[{"embeddable":true,"href":"https:\/\/adavietnam.com\/books\/wp-json\/wp\/v2\/comments?post=3960"}],"wp:attachment":[{"href":"https:\/\/adavietnam.com\/books\/wp-json\/wp\/v2\/media?parent=3960"}],"wp:term":[{"taxonomy":"product_brand","embeddable":true,"href":"https:\/\/adavietnam.com\/books\/wp-json\/wp\/v2\/product_brand?post=3960"},{"taxonomy":"product_cat","embeddable":true,"href":"https:\/\/adavietnam.com\/books\/wp-json\/wp\/v2\/product_cat?post=3960"},{"taxonomy":"product_tag","embeddable":true,"href":"https:\/\/adavietnam.com\/books\/wp-json\/wp\/v2\/product_tag?post=3960"}],"curies":[{"name":"wp","href":"https:\/\/api.w.org\/{rel}","templated":true}]}}