{"id":3957,"date":"2024-09-17T14:15:07","date_gmt":"2024-09-17T07:15:07","guid":{"rendered":"https:\/\/adavietnam.com\/books\/?post_type=product&#038;p=3957"},"modified":"2024-10-17T12:02:03","modified_gmt":"2024-10-17T05:02:03","slug":"nhung-doi-thay-cua-kien-truc-canh-quan-do-thi-sapa-tu-thoi-ky-thuoc-dia-cho-toi-ngay-nay","status":"publish","type":"product","link":"https:\/\/adavietnam.com\/books\/san-pham\/nhung-doi-thay-cua-kien-truc-canh-quan-do-thi-sapa-tu-thoi-ky-thuoc-dia-cho-toi-ngay-nay\/","title":{"rendered":"Nh\u1eefng \u0111\u1ed5i thay c\u1ee7a ki\u1ebfn tr\u00fac c\u1ea3nh quan \u0111\u00f4 th\u1ecb Sapa t\u1eeb th\u1eddi k\u1ef3 thu\u1ed9c \u0111\u1ecba cho t\u1edbi ng\u00e0y nay"},"content":{"rendered":"<p>S\u00e1ch \u0111\u00e3 xu\u1ea5t b\u1ea3n<\/p>\n","protected":false},"excerpt":{"rendered":"<p>S\u00e1ch \u0111\u00e3 xu\u1ea5t b\u1ea3n<\/p>\n","protected":false},"featured_media":4005,"comment_status":"open","ping_status":"closed","template":"","meta":[],"product_brand":[],"product_cat":[882],"product_tag":[],"class_list":{"0":"post-3957","1":"product","2":"type-product","3":"status-publish","4":"has-post-thumbnail","6":"product_cat-sach-da-xuat-ban","8":"first","9":"instock","10":"shipping-taxable","11":"product-type-simple"},"jetpack_sharing_enabled":true,"_links":{"self":[{"href":"https:\/\/adavietnam.com\/books\/wp-json\/wp\/v2\/product\/3957"}],"collection":[{"href":"https:\/\/adavietnam.com\/books\/wp-json\/wp\/v2\/product"}],"about":[{"href":"https:\/\/adavietnam.com\/books\/wp-json\/wp\/v2\/types\/product"}],"replies":[{"embeddable":true,"href":"https:\/\/adavietnam.com\/books\/wp-json\/wp\/v2\/comments?post=3957"}],"wp:featuredmedia":[{"embeddable":true,"href":"https:\/\/adavietnam.com\/books\/wp-json\/wp\/v2\/media\/4005"}],"wp:attachment":[{"href":"https:\/\/adavietnam.com\/books\/wp-json\/wp\/v2\/media?parent=3957"}],"wp:term":[{"taxonomy":"product_brand","embeddable":true,"href":"https:\/\/adavietnam.com\/books\/wp-json\/wp\/v2\/product_brand?post=3957"},{"taxonomy":"product_cat","embeddable":true,"href":"https:\/\/adavietnam.com\/books\/wp-json\/wp\/v2\/product_cat?post=3957"},{"taxonomy":"product_tag","embeddable":true,"href":"https:\/\/adavietnam.com\/books\/wp-json\/wp\/v2\/product_tag?post=3957"}],"curies":[{"name":"wp","href":"https:\/\/api.w.org\/{rel}","templated":true}]}}