{"id":3956,"date":"2024-09-17T14:14:21","date_gmt":"2024-09-17T07:14:21","guid":{"rendered":"https:\/\/adavietnam.com\/books\/?post_type=product&#038;p=3956"},"modified":"2024-09-26T15:17:17","modified_gmt":"2024-09-26T08:17:17","slug":"kien-truc-va-quy-hoach-trong-phat-trien-cac-nganh-cong-nghiep-van-hoa","status":"publish","type":"product","link":"https:\/\/adavietnam.com\/books\/san-pham\/kien-truc-va-quy-hoach-trong-phat-trien-cac-nganh-cong-nghiep-van-hoa\/","title":{"rendered":"Ki\u1ebfn tr\u00fac v\u00e0 quy ho\u1ea1ch trong ph\u00e1t tri\u1ec3n c\u00e1c ng\u00e0nh c\u00f4ng nghi\u1ec7p v\u0103n h\u00f3a"},"content":{"rendered":"<p>S\u00e1ch \u0111\u00e3 xu\u1ea5t b\u1ea3n<\/p>\n","protected":false},"excerpt":{"rendered":"<p>S\u00e1ch \u0111\u00e3 xu\u1ea5t b\u1ea3n<\/p>\n","protected":false},"featured_media":3994,"comment_status":"open","ping_status":"closed","template":"","meta":[],"product_brand":[],"product_cat":[882],"product_tag":[],"class_list":{"0":"post-3956","1":"product","2":"type-product","3":"status-publish","4":"has-post-thumbnail","6":"product_cat-sach-da-xuat-ban","8":"first","9":"instock","10":"shipping-taxable","11":"product-type-simple"},"jetpack_sharing_enabled":true,"_links":{"self":[{"href":"https:\/\/adavietnam.com\/books\/wp-json\/wp\/v2\/product\/3956"}],"collection":[{"href":"https:\/\/adavietnam.com\/books\/wp-json\/wp\/v2\/product"}],"about":[{"href":"https:\/\/adavietnam.com\/books\/wp-json\/wp\/v2\/types\/product"}],"replies":[{"embeddable":true,"href":"https:\/\/adavietnam.com\/books\/wp-json\/wp\/v2\/comments?post=3956"}],"wp:featuredmedia":[{"embeddable":true,"href":"https:\/\/adavietnam.com\/books\/wp-json\/wp\/v2\/media\/3994"}],"wp:attachment":[{"href":"https:\/\/adavietnam.com\/books\/wp-json\/wp\/v2\/media?parent=3956"}],"wp:term":[{"taxonomy":"product_brand","embeddable":true,"href":"https:\/\/adavietnam.com\/books\/wp-json\/wp\/v2\/product_brand?post=3956"},{"taxonomy":"product_cat","embeddable":true,"href":"https:\/\/adavietnam.com\/books\/wp-json\/wp\/v2\/product_cat?post=3956"},{"taxonomy":"product_tag","embeddable":true,"href":"https:\/\/adavietnam.com\/books\/wp-json\/wp\/v2\/product_tag?post=3956"}],"curies":[{"name":"wp","href":"https:\/\/api.w.org\/{rel}","templated":true}]}}