{"id":3955,"date":"2024-09-17T14:13:40","date_gmt":"2024-09-17T07:13:40","guid":{"rendered":"https:\/\/adavietnam.com\/books\/?post_type=product&#038;p=3955"},"modified":"2024-09-17T17:04:29","modified_gmt":"2024-09-17T10:04:29","slug":"kien-truc-va-quy-hoach-ben-vung-tiep-noi-gia-tri-truyen-thong-huong-toi-tuong-lai","status":"publish","type":"product","link":"https:\/\/adavietnam.com\/books\/san-pham\/kien-truc-va-quy-hoach-ben-vung-tiep-noi-gia-tri-truyen-thong-huong-toi-tuong-lai\/","title":{"rendered":"Ki\u1ebfn tr\u00fac v\u00e0 quy ho\u1ea1ch b\u1ec1n v\u1eefng: Ti\u1ebfp n\u1ed1i gi\u00e1 tr\u1ecb truy\u1ec1n th\u1ed1ng, h\u01b0\u1edbng t\u1edbi t\u01b0\u01a1ng lai"},"content":{"rendered":"<p>S\u00e1ch \u0111\u00e3 xu\u1ea5t b\u1ea3n<\/p>\n","protected":false},"excerpt":{"rendered":"<p>S\u00e1ch \u0111\u00e3 xu\u1ea5t b\u1ea3n<\/p>\n","protected":false},"featured_media":2994,"comment_status":"open","ping_status":"closed","template":"","meta":[],"product_brand":[],"product_cat":[882],"product_tag":[],"class_list":{"0":"post-3955","1":"product","2":"type-product","3":"status-publish","4":"has-post-thumbnail","6":"product_cat-sach-da-xuat-ban","8":"first","9":"instock","10":"shipping-taxable","11":"product-type-simple"},"jetpack_sharing_enabled":true,"_links":{"self":[{"href":"https:\/\/adavietnam.com\/books\/wp-json\/wp\/v2\/product\/3955"}],"collection":[{"href":"https:\/\/adavietnam.com\/books\/wp-json\/wp\/v2\/product"}],"about":[{"href":"https:\/\/adavietnam.com\/books\/wp-json\/wp\/v2\/types\/product"}],"replies":[{"embeddable":true,"href":"https:\/\/adavietnam.com\/books\/wp-json\/wp\/v2\/comments?post=3955"}],"wp:featuredmedia":[{"embeddable":true,"href":"https:\/\/adavietnam.com\/books\/wp-json\/wp\/v2\/media\/2994"}],"wp:attachment":[{"href":"https:\/\/adavietnam.com\/books\/wp-json\/wp\/v2\/media?parent=3955"}],"wp:term":[{"taxonomy":"product_brand","embeddable":true,"href":"https:\/\/adavietnam.com\/books\/wp-json\/wp\/v2\/product_brand?post=3955"},{"taxonomy":"product_cat","embeddable":true,"href":"https:\/\/adavietnam.com\/books\/wp-json\/wp\/v2\/product_cat?post=3955"},{"taxonomy":"product_tag","embeddable":true,"href":"https:\/\/adavietnam.com\/books\/wp-json\/wp\/v2\/product_tag?post=3955"}],"curies":[{"name":"wp","href":"https:\/\/api.w.org\/{rel}","templated":true}]}}