{"id":3954,"date":"2024-09-17T14:12:36","date_gmt":"2024-09-17T07:12:36","guid":{"rendered":"https:\/\/adavietnam.com\/books\/?post_type=product&#038;p=3954"},"modified":"2024-09-26T14:33:59","modified_gmt":"2024-09-26T07:33:59","slug":"dao-tao-va-thuc-tien-hanh-nghe-trong-linh-vuc-kien-truc-va-quy-hoach","status":"publish","type":"product","link":"https:\/\/adavietnam.com\/books\/san-pham\/dao-tao-va-thuc-tien-hanh-nghe-trong-linh-vuc-kien-truc-va-quy-hoach\/","title":{"rendered":"\u0110\u00e0o t\u1ea1o v\u00e0 th\u1ef1c ti\u1ec5n h\u00e0nh ngh\u1ec1 trong l\u0129nh v\u1ef1c ki\u1ebfn tr\u00fac v\u00e0 quy ho\u1ea1ch"},"content":{"rendered":"<p>S\u00e1ch \u0111\u00e3 xu\u1ea5t b\u1ea3n<\/p>\n","protected":false},"excerpt":{"rendered":"<p>S\u00e1ch \u0111\u00e3 xu\u1ea5t b\u1ea3n<\/p>\n","protected":false},"featured_media":3980,"comment_status":"open","ping_status":"closed","template":"","meta":[],"product_brand":[],"product_cat":[882],"product_tag":[],"class_list":{"0":"post-3954","1":"product","2":"type-product","3":"status-publish","4":"has-post-thumbnail","6":"product_cat-sach-da-xuat-ban","8":"first","9":"instock","10":"shipping-taxable","11":"product-type-simple"},"jetpack_sharing_enabled":true,"_links":{"self":[{"href":"https:\/\/adavietnam.com\/books\/wp-json\/wp\/v2\/product\/3954"}],"collection":[{"href":"https:\/\/adavietnam.com\/books\/wp-json\/wp\/v2\/product"}],"about":[{"href":"https:\/\/adavietnam.com\/books\/wp-json\/wp\/v2\/types\/product"}],"replies":[{"embeddable":true,"href":"https:\/\/adavietnam.com\/books\/wp-json\/wp\/v2\/comments?post=3954"}],"wp:featuredmedia":[{"embeddable":true,"href":"https:\/\/adavietnam.com\/books\/wp-json\/wp\/v2\/media\/3980"}],"wp:attachment":[{"href":"https:\/\/adavietnam.com\/books\/wp-json\/wp\/v2\/media?parent=3954"}],"wp:term":[{"taxonomy":"product_brand","embeddable":true,"href":"https:\/\/adavietnam.com\/books\/wp-json\/wp\/v2\/product_brand?post=3954"},{"taxonomy":"product_cat","embeddable":true,"href":"https:\/\/adavietnam.com\/books\/wp-json\/wp\/v2\/product_cat?post=3954"},{"taxonomy":"product_tag","embeddable":true,"href":"https:\/\/adavietnam.com\/books\/wp-json\/wp\/v2\/product_tag?post=3954"}],"curies":[{"name":"wp","href":"https:\/\/api.w.org\/{rel}","templated":true}]}}