{"id":3953,"date":"2024-09-17T14:10:38","date_gmt":"2024-09-17T07:10:38","guid":{"rendered":"https:\/\/adavietnam.com\/books\/?post_type=product&#038;p=3953"},"modified":"2024-09-26T15:11:56","modified_gmt":"2024-09-26T08:11:56","slug":"thiet-ke-kien-truc-tu-ly-thuyet-den-thuc-te-trong-boi-canh-4-0","status":"publish","type":"product","link":"https:\/\/adavietnam.com\/books\/san-pham\/thiet-ke-kien-truc-tu-ly-thuyet-den-thuc-te-trong-boi-canh-4-0\/","title":{"rendered":"Thi\u1ebft k\u1ebf ki\u1ebfn tr\u00fac t\u1eeb l\u00fd thuy\u1ebft \u0111\u1ebfn th\u1ef1c t\u1ebf (trong b\u1ed1i c\u1ea3nh 4.0)"},"content":{"rendered":"<p>S\u00e1ch \u0111\u00e3 xu\u1ea5t b\u1ea3n<\/p>\n","protected":false},"excerpt":{"rendered":"<p>S\u00e1ch \u0111\u00e3 xu\u1ea5t b\u1ea3n<\/p>\n","protected":false},"featured_media":3982,"comment_status":"open","ping_status":"closed","template":"","meta":[],"product_brand":[],"product_cat":[882],"product_tag":[],"class_list":{"0":"post-3953","1":"product","2":"type-product","3":"status-publish","4":"has-post-thumbnail","6":"product_cat-sach-da-xuat-ban","8":"first","9":"instock","10":"shipping-taxable","11":"product-type-simple"},"jetpack_sharing_enabled":true,"_links":{"self":[{"href":"https:\/\/adavietnam.com\/books\/wp-json\/wp\/v2\/product\/3953"}],"collection":[{"href":"https:\/\/adavietnam.com\/books\/wp-json\/wp\/v2\/product"}],"about":[{"href":"https:\/\/adavietnam.com\/books\/wp-json\/wp\/v2\/types\/product"}],"replies":[{"embeddable":true,"href":"https:\/\/adavietnam.com\/books\/wp-json\/wp\/v2\/comments?post=3953"}],"wp:featuredmedia":[{"embeddable":true,"href":"https:\/\/adavietnam.com\/books\/wp-json\/wp\/v2\/media\/3982"}],"wp:attachment":[{"href":"https:\/\/adavietnam.com\/books\/wp-json\/wp\/v2\/media?parent=3953"}],"wp:term":[{"taxonomy":"product_brand","embeddable":true,"href":"https:\/\/adavietnam.com\/books\/wp-json\/wp\/v2\/product_brand?post=3953"},{"taxonomy":"product_cat","embeddable":true,"href":"https:\/\/adavietnam.com\/books\/wp-json\/wp\/v2\/product_cat?post=3953"},{"taxonomy":"product_tag","embeddable":true,"href":"https:\/\/adavietnam.com\/books\/wp-json\/wp\/v2\/product_tag?post=3953"}],"curies":[{"name":"wp","href":"https:\/\/api.w.org\/{rel}","templated":true}]}}