{"id":3947,"date":"2024-09-17T13:52:02","date_gmt":"2024-09-17T06:52:02","guid":{"rendered":"https:\/\/adavietnam.com\/books\/?post_type=product&#038;p=3947"},"modified":"2024-09-26T14:57:18","modified_gmt":"2024-09-26T07:57:18","slug":"lang-xa-truyen-thong-dong-bang-chau-tho-song-hong-mot-co-hoi-cho-canh-quan-do-thi","status":"publish","type":"product","link":"https:\/\/adavietnam.com\/books\/san-pham\/lang-xa-truyen-thong-dong-bang-chau-tho-song-hong-mot-co-hoi-cho-canh-quan-do-thi\/","title":{"rendered":"L\u00e0ng x\u00e3 truy\u1ec1n th\u1ed1ng \u0111\u1ed3ng b\u1eb1ng ch\u00e2u th\u1ed5 s\u00f4ng H\u1ed3ng m\u1ed9t c\u01a1 h\u1ed9i cho c\u1ea3nh quan \u0111\u00f4 th\u1ecb?"},"content":{"rendered":"<p>S\u00e1ch \u0111\u00e3 xu\u1ea5t b\u1ea3n<\/p>\n","protected":false},"excerpt":{"rendered":"<p>S\u00e1ch \u0111\u00e3 xu\u1ea5t b\u1ea3n<\/p>\n","protected":false},"featured_media":3985,"comment_status":"open","ping_status":"closed","template":"","meta":[],"product_brand":[],"product_cat":[882],"product_tag":[],"class_list":{"0":"post-3947","1":"product","2":"type-product","3":"status-publish","4":"has-post-thumbnail","6":"product_cat-sach-da-xuat-ban","8":"first","9":"instock","10":"shipping-taxable","11":"product-type-simple"},"jetpack_sharing_enabled":true,"_links":{"self":[{"href":"https:\/\/adavietnam.com\/books\/wp-json\/wp\/v2\/product\/3947"}],"collection":[{"href":"https:\/\/adavietnam.com\/books\/wp-json\/wp\/v2\/product"}],"about":[{"href":"https:\/\/adavietnam.com\/books\/wp-json\/wp\/v2\/types\/product"}],"replies":[{"embeddable":true,"href":"https:\/\/adavietnam.com\/books\/wp-json\/wp\/v2\/comments?post=3947"}],"wp:featuredmedia":[{"embeddable":true,"href":"https:\/\/adavietnam.com\/books\/wp-json\/wp\/v2\/media\/3985"}],"wp:attachment":[{"href":"https:\/\/adavietnam.com\/books\/wp-json\/wp\/v2\/media?parent=3947"}],"wp:term":[{"taxonomy":"product_brand","embeddable":true,"href":"https:\/\/adavietnam.com\/books\/wp-json\/wp\/v2\/product_brand?post=3947"},{"taxonomy":"product_cat","embeddable":true,"href":"https:\/\/adavietnam.com\/books\/wp-json\/wp\/v2\/product_cat?post=3947"},{"taxonomy":"product_tag","embeddable":true,"href":"https:\/\/adavietnam.com\/books\/wp-json\/wp\/v2\/product_tag?post=3947"}],"curies":[{"name":"wp","href":"https:\/\/api.w.org\/{rel}","templated":true}]}}