{"id":654,"date":"2023-11-02T16:01:10","date_gmt":"2023-11-02T09:01:10","guid":{"rendered":"https:\/\/adavietnamm.brandinfo.vn\/?page_id=654"},"modified":"2024-06-19T16:00:51","modified_gmt":"2024-06-19T09:00:51","slug":"thiet-ke-canh-quan-2","status":"publish","type":"page","link":"https:\/\/adavietnam.com\/books\/thiet-ke-canh-quan-2\/","title":{"rendered":"Thi\u1ebft k\u1ebf c\u1ea3nh quan"},"content":{"rendered":"\t<section class=\"section\" id=\"section_693986013\">\n\t\t<div class=\"bg section-bg fill bg-fill  bg-loaded\" >\n\n\t\t\t\n\t\t\t\n\t\t\t\n\n\t\t<\/div>\n\n\t\t\n\n\t\t<div class=\"section-content relative\">\n\t\t\t\n\n  \n    <div class=\"row large-columns-3 medium-columns- small-columns-2 row-small has-shadow row-box-shadow-1\">\n  \t\n\t     <div class=\"product-small col has-hover product type-product post-608 status-publish first instock product_cat-thiet-ke-canh-quan has-post-thumbnail shipping-taxable product-type-simple\">\n\t<div class=\"col-inner\">\n\t\n<div class=\"badge-container absolute left top z-1\">\n\n<\/div>\n\t<div class=\"product-small box \">\n\t\t<div class=\"box-image\">\n\t\t\t<div class=\"image-none\">\n\t\t\t\t<a href=\"https:\/\/adavietnam.com\/books\/san-pham\/372-quang-truong-da-nang\/\" aria-label=\"[372] Qu\u1ea3ng tr\u01b0\u1eddng \u0110\u00e0 N\u1eb5ng\">\n\t\t\t\t\t<img loading=\"lazy\" decoding=\"async\" width=\"247\" height=\"296\" src=\"https:\/\/adavietnam.com\/books\/wp-content\/uploads\/2023\/11\/01-Large-74-247x296.jpg\" class=\"attachment-woocommerce_thumbnail size-woocommerce_thumbnail\" alt=\"[372] Qu\u1ea3ng tr\u01b0\u1eddng \u0110\u00e0 N\u1eb5ng\" \/>\t\t\t\t<\/a>\n\t\t\t<\/div>\n\t\t\t<div class=\"image-tools is-small top right show-on-hover\">\n\t\t\t\t\t\t\t<\/div>\n\t\t\t<div class=\"image-tools is-small hide-for-small bottom left show-on-hover\">\n\t\t\t\t\t\t\t<\/div>\n\t\t\t<div class=\"image-tools grid-tools text-center hide-for-small bottom hover-slide-in show-on-hover\">\n\t\t\t\t\t\t\t<\/div>\n\t\t\t\t\t<\/div>\n\n\t\t<div class=\"box-text box-text-products text-center grid-style-2\">\n\t\t\t<div class=\"title-wrapper\"><p class=\"name product-title woocommerce-loop-product__title\"><a href=\"https:\/\/adavietnam.com\/books\/san-pham\/372-quang-truong-da-nang\/\" class=\"woocommerce-LoopProduct-link woocommerce-loop-product__link\">[372] Qu\u1ea3ng tr\u01b0\u1eddng \u0110\u00e0 N\u1eb5ng<\/a><\/p><\/div><div class=\"price-wrapper\">\n<\/div>\t\t<\/div>\n\t<\/div>\n\t\t<\/div>\n<\/div><div class=\"product-small col has-hover product type-product post-609 status-publish instock product_cat-thiet-ke-canh-quan has-post-thumbnail shipping-taxable product-type-simple\">\n\t<div class=\"col-inner\">\n\t\n<div class=\"badge-container absolute left top z-1\">\n\n<\/div>\n\t<div class=\"product-small box \">\n\t\t<div class=\"box-image\">\n\t\t\t<div class=\"image-none\">\n\t\t\t\t<a href=\"https:\/\/adavietnam.com\/books\/san-pham\/653-cai-tao-canh-quan-bo-ke-song-vinh-va-ho-hung-hoa\/\" aria-label=\"[653] C\u1ea3i t\u1ea1o c\u1ea3nh quan b\u1edd k\u00e8 s\u00f4ng Vinh v\u00e0 h\u1ed3 H\u01b0ng H\u00f2a\">\n\t\t\t\t\t<img loading=\"lazy\" decoding=\"async\" width=\"247\" height=\"296\" src=\"https:\/\/adavietnam.com\/books\/wp-content\/uploads\/2023\/11\/01-1-Large-e1700214035616-247x296.jpg\" class=\"attachment-woocommerce_thumbnail size-woocommerce_thumbnail\" alt=\"[653] C\u1ea3i t\u1ea1o c\u1ea3nh quan b\u1edd k\u00e8 s\u00f4ng Vinh v\u00e0 h\u1ed3 H\u01b0ng H\u00f2a\" \/>\t\t\t\t<\/a>\n\t\t\t<\/div>\n\t\t\t<div class=\"image-tools is-small top right show-on-hover\">\n\t\t\t\t\t\t\t<\/div>\n\t\t\t<div class=\"image-tools is-small hide-for-small bottom left show-on-hover\">\n\t\t\t\t\t\t\t<\/div>\n\t\t\t<div class=\"image-tools grid-tools text-center hide-for-small bottom hover-slide-in show-on-hover\">\n\t\t\t\t\t\t\t<\/div>\n\t\t\t\t\t<\/div>\n\n\t\t<div class=\"box-text box-text-products text-center grid-style-2\">\n\t\t\t<div class=\"title-wrapper\"><p class=\"name product-title woocommerce-loop-product__title\"><a href=\"https:\/\/adavietnam.com\/books\/san-pham\/653-cai-tao-canh-quan-bo-ke-song-vinh-va-ho-hung-hoa\/\" class=\"woocommerce-LoopProduct-link woocommerce-loop-product__link\">[653] C\u1ea3i t\u1ea1o c\u1ea3nh quan b\u1edd k\u00e8 s\u00f4ng Vinh v\u00e0 h\u1ed3 H\u01b0ng H\u00f2a<\/a><\/p><\/div><div class=\"price-wrapper\">\n<\/div>\t\t<\/div>\n\t<\/div>\n\t\t<\/div>\n<\/div><div class=\"product-small col has-hover product type-product post-610 status-publish last instock product_cat-thiet-ke-canh-quan has-post-thumbnail shipping-taxable product-type-simple\">\n\t<div class=\"col-inner\">\n\t\n<div class=\"badge-container absolute left top z-1\">\n\n<\/div>\n\t<div class=\"product-small box \">\n\t\t<div class=\"box-image\">\n\t\t\t<div class=\"image-none\">\n\t\t\t\t<a href=\"https:\/\/adavietnam.com\/books\/san-pham\/653-cai-tao-khong-gian-cong-cong-thi-tran-sapa-va-vung-phu-can\/\" aria-label=\"[653] C\u1ea3i t\u1ea1o kh\u00f4ng gian c\u00f4ng c\u1ed9ng th\u1ecb tr\u1ea5n Sapa v\u00e0 v\u00f9ng ph\u1ee5 c\u1eadn\">\n\t\t\t\t\t<img loading=\"lazy\" decoding=\"async\" width=\"247\" height=\"296\" src=\"https:\/\/adavietnam.com\/books\/wp-content\/uploads\/2023\/11\/01-Large-73-e1700214009282-247x296.jpg\" class=\"attachment-woocommerce_thumbnail size-woocommerce_thumbnail\" alt=\"[653] C\u1ea3i t\u1ea1o kh\u00f4ng gian c\u00f4ng c\u1ed9ng th\u1ecb tr\u1ea5n Sapa v\u00e0 v\u00f9ng ph\u1ee5 c\u1eadn\" \/>\t\t\t\t<\/a>\n\t\t\t<\/div>\n\t\t\t<div class=\"image-tools is-small top right show-on-hover\">\n\t\t\t\t\t\t\t<\/div>\n\t\t\t<div class=\"image-tools is-small hide-for-small bottom left show-on-hover\">\n\t\t\t\t\t\t\t<\/div>\n\t\t\t<div class=\"image-tools grid-tools text-center hide-for-small bottom hover-slide-in show-on-hover\">\n\t\t\t\t\t\t\t<\/div>\n\t\t\t\t\t<\/div>\n\n\t\t<div class=\"box-text box-text-products text-center grid-style-2\">\n\t\t\t<div class=\"title-wrapper\"><p class=\"name product-title woocommerce-loop-product__title\"><a href=\"https:\/\/adavietnam.com\/books\/san-pham\/653-cai-tao-khong-gian-cong-cong-thi-tran-sapa-va-vung-phu-can\/\" class=\"woocommerce-LoopProduct-link woocommerce-loop-product__link\">[653] C\u1ea3i t\u1ea1o kh\u00f4ng gian c\u00f4ng c\u1ed9ng th\u1ecb tr\u1ea5n Sapa v\u00e0 v\u00f9ng ph\u1ee5 c\u1eadn<\/a><\/p><\/div><div class=\"price-wrapper\">\n<\/div>\t\t<\/div>\n\t<\/div>\n\t\t<\/div>\n<\/div><\/div>\n\t\t<\/div>\n\n\t\t\n<style>\n#section_693986013 {\n  padding-top: 30px;\n  padding-bottom: 30px;\n  background-color: rgb(0, 32, 70);\n}\n#section_693986013 .ux-shape-divider--top svg {\n  height: 150px;\n  --divider-top-width: 100%;\n}\n#section_693986013 .ux-shape-divider--bottom svg {\n  height: 150px;\n  --divider-width: 100%;\n}\n<\/style>\n\t<\/section>\n\t\n","protected":false},"excerpt":{"rendered":"","protected":false},"author":1,"featured_media":0,"parent":0,"menu_order":0,"comment_status":"closed","ping_status":"closed","template":"page-blank.php","meta":{"footnotes":""},"class_list":["post-654","page","type-page","status-publish","hentry"],"jetpack_sharing_enabled":true,"_links":{"self":[{"href":"https:\/\/adavietnam.com\/books\/wp-json\/wp\/v2\/pages\/654"}],"collection":[{"href":"https:\/\/adavietnam.com\/books\/wp-json\/wp\/v2\/pages"}],"about":[{"href":"https:\/\/adavietnam.com\/books\/wp-json\/wp\/v2\/types\/page"}],"author":[{"embeddable":true,"href":"https:\/\/adavietnam.com\/books\/wp-json\/wp\/v2\/users\/1"}],"replies":[{"embeddable":true,"href":"https:\/\/adavietnam.com\/books\/wp-json\/wp\/v2\/comments?post=654"}],"version-history":[{"count":0,"href":"https:\/\/adavietnam.com\/books\/wp-json\/wp\/v2\/pages\/654\/revisions"}],"wp:attachment":[{"href":"https:\/\/adavietnam.com\/books\/wp-json\/wp\/v2\/media?parent=654"}],"curies":[{"name":"wp","href":"https:\/\/api.w.org\/{rel}","templated":true}]}}