{"id":401,"date":"2023-10-31T17:20:53","date_gmt":"2023-10-31T10:20:53","guid":{"rendered":"https:\/\/adavietnamm.brandinfo.vn\/?page_id=401"},"modified":"2023-11-02T13:46:38","modified_gmt":"2023-11-02T06:46:38","slug":"tuyen-dung","status":"publish","type":"page","link":"https:\/\/adavietnam.com\/books\/tuyen-dung\/","title":{"rendered":"Tuy\u1ec3n d\u1ee5ng"},"content":{"rendered":"\t<section class=\"section\" id=\"section_740562892\">\n\t\t<div class=\"bg section-bg fill bg-fill  bg-loaded\" >\n\n\t\t\t\n\t\t\t\n\t\t\t\n\n\t\t<\/div>\n\n\t\t\n\n\t\t<div class=\"section-content relative\">\n\t\t\t\n<div class=\"row row-large\"  id=\"row-1344969478\">\n\n\t<div id=\"col-361547836\" class=\"col small-12 large-12\"  >\n\t\t\t\t<div class=\"col-inner\"  >\n\t\t\t\n\t\t\t\n\n<div class=\"wpcf7 no-js\" id=\"wpcf7-f5-o1\" lang=\"vi\" dir=\"ltr\" data-wpcf7-id=\"5\">\n<div class=\"screen-reader-response\"><p role=\"status\" aria-live=\"polite\" aria-atomic=\"true\"><\/p> <ul><\/ul><\/div>\n<form action=\"\/books\/wp-json\/wp\/v2\/pages\/401#wpcf7-f5-o1\" method=\"post\" class=\"wpcf7-form init\" aria-label=\"Form li\u00ean h\u1ec7\" enctype=\"multipart\/form-data\" novalidate=\"novalidate\" data-status=\"init\">\n<div style=\"display: none;\">\n<input type=\"hidden\" name=\"_wpcf7\" value=\"5\" \/>\n<input type=\"hidden\" name=\"_wpcf7_version\" value=\"6.0.6\" \/>\n<input type=\"hidden\" name=\"_wpcf7_locale\" value=\"vi\" \/>\n<input type=\"hidden\" name=\"_wpcf7_unit_tag\" value=\"wpcf7-f5-o1\" \/>\n<input type=\"hidden\" name=\"_wpcf7_container_post\" value=\"0\" \/>\n<input type=\"hidden\" name=\"_wpcf7_posted_data_hash\" value=\"\" \/>\n<input type=\"hidden\" name=\"_wpcf7dtx_version\" value=\"5.0.5\" \/>\n<\/div>\n<!-- Personal Information-->\n<div>\n\t<h3>Th\u00f4ng tin c\u00e1 nh\u00e2n\n\t<\/h3>\n\t<p>Gi\u1edbi thi\u1ec7u v\u1ec1 b\u1ea3n th\u00e2n b\u1ea1n\n\t<\/p>\n<\/div>\n<div>\n\t<p><label> H\u1ecd v\u00e0 t\u00ean<br \/>\n<span class=\"wpcf7-form-control-wrap\" data-name=\"text-382\"><input size=\"40\" maxlength=\"400\" class=\"wpcf7-form-control wpcf7-text wpcf7-validates-as-required\" aria-required=\"true\" aria-invalid=\"false\" value=\"\" type=\"text\" name=\"text-382\" \/><\/span> <\/label>\n\t<\/p>\n\t<p><label> \u0110\u1ecba ch\u1ec9 Email<br \/>\n<span class=\"wpcf7-form-control-wrap\" data-name=\"email-60\"><input size=\"40\" maxlength=\"400\" class=\"wpcf7-form-control wpcf7-email wpcf7-validates-as-required wpcf7-text wpcf7-validates-as-email\" aria-required=\"true\" aria-invalid=\"false\" value=\"\" type=\"email\" name=\"email-60\" \/><\/span> <\/label>\n\t<\/p>\n\t<p><label> S\u1ed1 \u0111i\u1ec7n tho\u1ea1i<br \/>\n<span class=\"wpcf7-form-control-wrap\" data-name=\"tel-494\"><input size=\"40\" maxlength=\"400\" class=\"wpcf7-form-control wpcf7-tel wpcf7-validates-as-required wpcf7-text wpcf7-validates-as-tel\" aria-required=\"true\" aria-invalid=\"false\" value=\"\" type=\"tel\" name=\"tel-494\" \/><\/span> <\/label>\n\t<\/p>\n\t<p><label> N\u0103m sinh<br \/>\n<span class=\"wpcf7-form-control-wrap\" data-name=\"text-321\"><input size=\"40\" maxlength=\"400\" class=\"wpcf7-form-control wpcf7-text wpcf7-validates-as-required\" aria-required=\"true\" aria-invalid=\"false\" value=\"\" type=\"text\" name=\"text-321\" \/><\/span><\/label>\n\t<\/p>\n<\/div>\n\n<!-- Questions -->\n<div>\n\t<h3>C\u00e2u h\u1ecfi\n\t<\/h3>\n\t<p>Vui l\u00f2ng nh\u1eadp th\u00f4ng tin b\u1ed5 sung\n\t<\/p>\n<\/div>\n<p><label> B\u1ea1n h\u1ecdc chuy\u00ean ng\u00e0nh g\u00ec?<br \/>\n<span class=\"wpcf7-form-control-wrap\" data-name=\"text-358\"><input size=\"40\" maxlength=\"400\" class=\"wpcf7-form-control wpcf7-text wpcf7-validates-as-required\" aria-required=\"true\" aria-invalid=\"false\" value=\"\" type=\"text\" name=\"text-358\" \/><\/span> <\/label>\n<\/p>\n<p><label> B\u1ea1n nh\u1eadn b\u1eb1ng t\u1ed1t nghi\u1ec7p tr\u01b0\u1eddng n\u00e0o?<br \/>\n<span class=\"wpcf7-form-control-wrap\" data-name=\"text-37\"><input size=\"40\" maxlength=\"400\" class=\"wpcf7-form-control wpcf7-text wpcf7-validates-as-required\" aria-required=\"true\" aria-invalid=\"false\" value=\"\" type=\"text\" name=\"text-37\" \/><\/span> <\/label>\n<\/p>\n<p><label> B\u1ea1n c\u00f3 bao nhi\u00eau n\u0103m kinh nghi\u1ec7m?(Sau khi t\u1ed1t nghi\u1ec7p)<br \/>\n<span class=\"wpcf7-form-control-wrap\" data-name=\"radio-149\"><span class=\"wpcf7-form-control wpcf7-radio how_many\"><span class=\"wpcf7-list-item first\"><label><input type=\"radio\" name=\"radio-149\" value=\"1-3 n\u0103m\" checked=\"checked\" \/><span class=\"wpcf7-list-item-label\">1-3 n\u0103m<\/span><\/label><\/span><span class=\"wpcf7-list-item\"><label><input type=\"radio\" name=\"radio-149\" value=\"3-5 n\u0103m\" \/><span class=\"wpcf7-list-item-label\">3-5 n\u0103m<\/span><\/label><\/span><span class=\"wpcf7-list-item\"><label><input type=\"radio\" name=\"radio-149\" value=\"5-10 n\u0103m\" \/><span class=\"wpcf7-list-item-label\">5-10 n\u0103m<\/span><\/label><\/span><span class=\"wpcf7-list-item last\"><label><input type=\"radio\" name=\"radio-149\" value=\"h\u01a1n 10 n\u0103m\" \/><span class=\"wpcf7-list-item-label\">h\u01a1n 10 n\u0103m<\/span><\/label><\/span><\/span><\/span> <\/label>\n<\/p>\n<p><label> K\u1ef9 n\u0103ng ph\u1ea7n m\u1ec1m Autocad c\u1ee7a b\u1ea1n th\u1ebf n\u00e0o?<br \/>\n<span class=\"wpcf7-form-control-wrap\" data-name=\"radio-121\"><span class=\"wpcf7-form-control wpcf7-radio how_are_1\"><span class=\"wpcf7-list-item first\"><label><input type=\"radio\" name=\"radio-121\" value=\"M\u1edbi b\u1eaft \u0111\u1ea7u\" checked=\"checked\" \/><span class=\"wpcf7-list-item-label\">M\u1edbi b\u1eaft \u0111\u1ea7u<\/span><\/label><\/span><span class=\"wpcf7-list-item\"><label><input type=\"radio\" name=\"radio-121\" value=\"Trung c\u1ea5p\" \/><span class=\"wpcf7-list-item-label\">Trung c\u1ea5p<\/span><\/label><\/span><span class=\"wpcf7-list-item last\"><label><input type=\"radio\" name=\"radio-121\" value=\"Chuy\u00ean gia\" \/><span class=\"wpcf7-list-item-label\">Chuy\u00ean gia<\/span><\/label><\/span><\/span><\/span> <\/label>\n<\/p>\n<p><label> K\u1ef9 n\u0103ng ph\u1ea7n m\u1ec1m 3D c\u1ee7a b\u1ea1n th\u1ebf n\u00e0o?<br \/>\n<span class=\"wpcf7-form-control-wrap\" data-name=\"radio-518\"><span class=\"wpcf7-form-control wpcf7-radio how_are_2\"><span class=\"wpcf7-list-item first\"><label><input type=\"radio\" name=\"radio-518\" value=\"M\u1edbi b\u1eaft \u0111\u1ea7u\" checked=\"checked\" \/><span class=\"wpcf7-list-item-label\">M\u1edbi b\u1eaft \u0111\u1ea7u<\/span><\/label><\/span><span class=\"wpcf7-list-item\"><label><input type=\"radio\" name=\"radio-518\" value=\"Trung c\u1ea5p\" \/><span class=\"wpcf7-list-item-label\">Trung c\u1ea5p<\/span><\/label><\/span><span class=\"wpcf7-list-item last\"><label><input type=\"radio\" name=\"radio-518\" value=\"Chuy\u00ean gia\" \/><span class=\"wpcf7-list-item-label\">Chuy\u00ean gia<\/span><\/label><\/span><\/span><\/span> <\/label>\n<\/p>\n<p><label> K\u1ef9 n\u0103ng ph\u1ea7n m\u1ec1m Adobe Creative c\u1ee7a b\u1ea1n th\u1ebf n\u00e0o?<br \/>\n<span class=\"wpcf7-form-control-wrap\" data-name=\"radio-946\"><span class=\"wpcf7-form-control wpcf7-radio how_are_3\"><span class=\"wpcf7-list-item first\"><label><input type=\"radio\" name=\"radio-946\" value=\"M\u1edbi b\u1eaft \u0111\u1ea7u\" checked=\"checked\" \/><span class=\"wpcf7-list-item-label\">M\u1edbi b\u1eaft \u0111\u1ea7u<\/span><\/label><\/span><span class=\"wpcf7-list-item\"><label><input type=\"radio\" name=\"radio-946\" value=\"Trung c\u1ea5p\" \/><span class=\"wpcf7-list-item-label\">Trung c\u1ea5p<\/span><\/label><\/span><span class=\"wpcf7-list-item last\"><label><input type=\"radio\" name=\"radio-946\" value=\"Chuy\u00ean gia\" \/><span class=\"wpcf7-list-item-label\">Chuy\u00ean gia<\/span><\/label><\/span><\/span><\/span><\/label>\n<\/p>\n<p><label> T\u1ea3i l\u00ean Portfolio c\u1ee7a b\u1ea1n(\u0111\u1ecbnh d\u1ea1ng PDF <10mb)<br \/>\n<span class=\"wpcf7-form-control-wrap\" data-name=\"ada-711\"><input size=\"40\" class=\"wpcf7-form-control wpcf7-file ada-file\" id=\"ada-711\" accept=\".pdf\" aria-invalid=\"false\" type=\"file\" name=\"ada-711\" \/><\/span><\/label>\n<\/p>\n<p><label> T\u1ea3i l\u00ean CV c\u1ee7a b\u1ea1n(\u0111\u1ecbnh d\u1ea1ng PDF <10mb)<br \/>\n<span class=\"wpcf7-form-control-wrap\" data-name=\"ada-710\"><input size=\"40\" class=\"wpcf7-form-control wpcf7-file ada-file\" id=\"ada-710\" accept=\".pdf\" aria-invalid=\"false\" type=\"file\" name=\"ada-710\" \/><\/span><\/label>\n<\/p>\n<p><input class=\"wpcf7-form-control wpcf7-submit has-spinner\" type=\"submit\" value=\"G\u1eedi\" \/>\n<\/p><div class=\"wpcf7-response-output\" aria-hidden=\"true\"><\/div>\n<\/form>\n<\/div>\n\n\t\t<\/div>\n\t\t\t\t\t<\/div>\n\n\t\n<\/div>\n\t\t<\/div>\n\n\t\t\n<style>\n#section_740562892 {\n  padding-top: 30px;\n  padding-bottom: 30px;\n}\n#section_740562892 .ux-shape-divider--top svg {\n  height: 150px;\n  --divider-top-width: 100%;\n}\n#section_740562892 .ux-shape-divider--bottom svg {\n  height: 150px;\n  --divider-width: 100%;\n}\n<\/style>\n\t<\/section>\n\t\n","protected":false},"excerpt":{"rendered":"","protected":false},"author":1,"featured_media":0,"parent":0,"menu_order":0,"comment_status":"closed","ping_status":"closed","template":"page-blank.php","meta":{"footnotes":""},"class_list":["post-401","page","type-page","status-publish","hentry"],"jetpack_sharing_enabled":true,"_links":{"self":[{"href":"https:\/\/adavietnam.com\/books\/wp-json\/wp\/v2\/pages\/401"}],"collection":[{"href":"https:\/\/adavietnam.com\/books\/wp-json\/wp\/v2\/pages"}],"about":[{"href":"https:\/\/adavietnam.com\/books\/wp-json\/wp\/v2\/types\/page"}],"author":[{"embeddable":true,"href":"https:\/\/adavietnam.com\/books\/wp-json\/wp\/v2\/users\/1"}],"replies":[{"embeddable":true,"href":"https:\/\/adavietnam.com\/books\/wp-json\/wp\/v2\/comments?post=401"}],"version-history":[{"count":0,"href":"https:\/\/adavietnam.com\/books\/wp-json\/wp\/v2\/pages\/401\/revisions"}],"wp:attachment":[{"href":"https:\/\/adavietnam.com\/books\/wp-json\/wp\/v2\/media?parent=401"}],"curies":[{"name":"wp","href":"https:\/\/api.w.org\/{rel}","templated":true}]}}