{"id":380,"date":"2023-10-31T16:31:57","date_gmt":"2023-10-31T09:31:57","guid":{"rendered":"https:\/\/adavietnamm.brandinfo.vn\/?page_id=380"},"modified":"2024-09-07T11:24:47","modified_gmt":"2024-09-07T04:24:47","slug":"lien-he-2","status":"publish","type":"page","link":"https:\/\/adavietnam.com\/books\/lien-he-2\/","title":{"rendered":"Li\u00ean h\u1ec7"},"content":{"rendered":"\t<section class=\"section\" id=\"section_357840056\">\n\t\t<div class=\"bg section-bg fill bg-fill  bg-loaded\" >\n\n\t\t\t\n\t\t\t\n\t\t\t\n\n\t\t<\/div>\n\n\t\t\n\n\t\t<div class=\"section-content relative\">\n\t\t\t\n\t<div id=\"gap-1894439869\" class=\"gap-element clearfix\" style=\"display:block; height:auto;\">\n\t\t\n<style>\n#gap-1894439869 {\n  padding-top: 170px;\n}\n<\/style>\n\t<\/div>\n\t\n<div class=\"row\"  id=\"row-1165847954\">\n\n\t<div id=\"col-1363753637\" class=\"col medium-3 small-12 large-3\"  >\n\t\t\t\t<div class=\"col-inner\"  >\n\t\t\t\n\t\t\t\n\t\t<\/div>\n\t\t\t\t\t<\/div>\n\n\t\n\n\t<div id=\"col-340925182\" class=\"col medium-6 small-12 large-6\"  >\n\t\t\t\t<div class=\"col-inner\"  >\n\t\t\t\n\t\t\t\n<h1 style=\"text-align: center;\"><span style=\"color: #ffffff;\"><strong><span style=\"font-size: 100%;\">\u0110\u1ecaA CH\u1ec8<\/span><\/strong><\/span><\/h1>\n<p style=\"text-align: center;\"><span style=\"color: #ffffff;\">T\u1ea7ng 7, t\u00f2a nh\u00e0 Nam Anh, s\u1ed1 68 \u0111\u01b0\u1eddng Ho\u00e0ng \u0110\u1ea1o Th\u00fay k\u00e9o d\u00e0i, ph\u01b0\u1eddng Nh\u00e2n Ch\u00ednh, qu\u1eadn Thanh Xu\u00e2n, H\u00e0 N\u1ed9i<\/p>\n<p><\/span><\/p>\n\t<div id=\"gap-828969557\" class=\"gap-element clearfix\" style=\"display:block; height:auto;\">\n\t\t\n<style>\n#gap-828969557 {\n  padding-top: 30px;\n}\n<\/style>\n\t<\/div>\n\t\n<h1 style=\"text-align: center;\"><span style=\"color: #ffffff;\"><strong>S\u1ed0 \u0110I\u1ec6N THO\u1ea0I <\/strong><\/span><\/h1>\n<p style=\"text-align: center;\"><span style=\"color: #ffffff;\">+84 243 99 27 004<\/span><\/p>\n\t<div id=\"gap-1322250790\" class=\"gap-element clearfix\" style=\"display:block; height:auto;\">\n\t\t\n<style>\n#gap-1322250790 {\n  padding-top: 30px;\n}\n<\/style>\n\t<\/div>\n\t\n<h1 style=\"text-align: center;\"><span style=\"color: #ffffff;\">EMAIL<\/span><\/h1>\n<p style=\"text-align: center;\"><span style=\"color: #ffffff;\">ada@adavietnam.com<\/span><\/p>\n\t\t<\/div>\n\t\t\t\t\t<\/div>\n\n\t\n\n\t<div id=\"col-1798204413\" class=\"col medium-3 small-12 large-3\"  >\n\t\t\t\t<div class=\"col-inner\"  >\n\t\t\t\n\t\t\t\n\t\t<\/div>\n\t\t\t\t\t<\/div>\n\n\t\n<\/div>\n\t<div id=\"gap-1246762762\" class=\"gap-element clearfix\" style=\"display:block; height:auto;\">\n\t\t\n<style>\n#gap-1246762762 {\n  padding-top: 170px;\n}\n<\/style>\n\t<\/div>\n\t\n\t\t<\/div>\n\n\t\t\n<style>\n#section_357840056 {\n  padding-top: 30px;\n  padding-bottom: 30px;\n  background-color: rgb(0, 32, 70);\n}\n#section_357840056 .ux-shape-divider--top svg {\n  height: 150px;\n  --divider-top-width: 100%;\n}\n#section_357840056 .ux-shape-divider--bottom svg {\n  height: 150px;\n  --divider-width: 100%;\n}\n<\/style>\n\t<\/section>\n\t\n","protected":false},"excerpt":{"rendered":"","protected":false},"author":1,"featured_media":0,"parent":0,"menu_order":0,"comment_status":"closed","ping_status":"closed","template":"page-blank.php","meta":{"footnotes":""},"class_list":["post-380","page","type-page","status-publish","hentry"],"jetpack_sharing_enabled":true,"_links":{"self":[{"href":"https:\/\/adavietnam.com\/books\/wp-json\/wp\/v2\/pages\/380"}],"collection":[{"href":"https:\/\/adavietnam.com\/books\/wp-json\/wp\/v2\/pages"}],"about":[{"href":"https:\/\/adavietnam.com\/books\/wp-json\/wp\/v2\/types\/page"}],"author":[{"embeddable":true,"href":"https:\/\/adavietnam.com\/books\/wp-json\/wp\/v2\/users\/1"}],"replies":[{"embeddable":true,"href":"https:\/\/adavietnam.com\/books\/wp-json\/wp\/v2\/comments?post=380"}],"version-history":[{"count":0,"href":"https:\/\/adavietnam.com\/books\/wp-json\/wp\/v2\/pages\/380\/revisions"}],"wp:attachment":[{"href":"https:\/\/adavietnam.com\/books\/wp-json\/wp\/v2\/media?parent=380"}],"curies":[{"name":"wp","href":"https:\/\/api.w.org\/{rel}","templated":true}]}}