{"id":373,"date":"2023-10-31T16:19:29","date_gmt":"2023-10-31T09:19:29","guid":{"rendered":"https:\/\/adavietnamm.brandinfo.vn\/?page_id=373"},"modified":"2024-09-07T11:01:25","modified_gmt":"2024-09-07T04:01:25","slug":"nhan-su","status":"publish","type":"page","link":"https:\/\/adavietnam.com\/books\/nhan-su\/","title":{"rendered":"Nh\u00e2n s\u1ef1"},"content":{"rendered":"\t<div id=\"gap-693445858\" class=\"gap-element clearfix\" style=\"display:block; height:auto;\">\n\t\t\n<style>\n#gap-693445858 {\n  padding-top: 50px;\n}\n<\/style>\n\t<\/div>\n\t\n\t<section class=\"section\" id=\"section_427549288\">\n\t\t<div class=\"bg section-bg fill bg-fill  bg-loaded\" >\n\n\t\t\t\n\t\t\t\n\t\t\t\n\n\t\t<\/div>\n\n\t\t\n\n\t\t<div class=\"section-content relative\">\n\t\t\t\n<div class=\"row align-middle\"  id=\"row-1880606120\">\n\n\t<div id=\"col-1305325893\" class=\"col medium-3 small-12 large-3\"  >\n\t\t\t\t<div class=\"col-inner\"  >\n\t\t\t\n\t\t\t\n\t<div id=\"text-1512753791\" class=\"text\">\n\t\t\n<ul>\n<li>Ki\u1ebfn tr\u00fac s\u01b0 Ch\u00ednh ph\u1ee7 Ph\u00e1p c\u1ea5p b\u1eb1ng<\/li>\n<li>H\u1ed9i \u0111\u1ed3ng ki\u1ebfn tr\u00fac s\u01b0 qu\u1ed1c gia<\/li>\n<li>Chuy\u00ean gia ng\u00e2n h\u00e0ng th\u1ebf gi\u1edbi<\/li>\n<li>Gi\u00e1o s\u01b0 t\u1ea1i Ecole Nationale Superirure d h\u00e8Arch architecture de Paris\u00a0<\/li>\n<li>Gi\u00e1o s\u01b0 t\u1ea1i \u0110\u1ea1i h\u1ecdc Pederico II di Napoli<\/li>\n<li>Th\u00e0nh vi\u00ean danh d\u1ef1 c\u1ee7a Hi\u1ec7p h\u1ed9i Khoa h\u1ecdc v\u00e0 K\u1ef9 thu\u1eadt C\u01a1 khi Brasil<\/li>\n<li>Th\u00e0nh vi\u00ean danh d\u1ef1 c\u1ee7a Vi\u1ec7n ki\u1ebfn tr\u00fac s\u01b0 Hoa K\u1ef3<\/li>\n<li>Hi\u1ec7p s\u0129 ngh\u1ec7 thu\u1eadt v\u00e0 th\u01a1 ca<\/li>\n<\/ul>\n\t\t\n<style>\n#text-1512753791 {\n  font-size: 0.75rem;\n}\n<\/style>\n\t<\/div>\n\t\n\t\t<\/div>\n\t\t\t\t\t<\/div>\n\n\t\n\n\t<div id=\"col-1284726500\" class=\"col medium-3 small-12 large-3\"  >\n\t\t\t\t<div class=\"col-inner\"  >\n\t\t\t\n\t\t\t\n\t<div class=\"box has-hover   has-hover box-text-bottom\" >\n\n\t\t<div class=\"box-image\" >\n\t\t\t\t\t\t<div class=\"image-cover\" style=\"padding-top:100%;\">\n\t\t\t\t<img loading=\"lazy\" decoding=\"async\" width=\"390\" height=\"377\" src=\"https:\/\/adavietnam.com\/books\/wp-content\/uploads\/2023\/10\/ERIC.png\" class=\"attachment- size-\" alt=\"\" \/>\t\t\t\t\t\t\t\t\t\t\t<\/div>\n\t\t\t\t\t<\/div>\n\n\t\t<div class=\"box-text text-center\" >\n\t\t\t<div class=\"box-text-inner\">\n\t\t\t\t\n<h4>Ch\u1ee7 t\u1ecbch H\u0110QT<\/h4>\n<p>ERIC DUBOSC<\/p>\n\t\t\t<\/div>\n\t\t<\/div>\n\t<\/div>\n\t\n\t\t<\/div>\n\t\t\t\t\t<\/div>\n\n\t\n\n\t<div id=\"col-1153396124\" class=\"col medium-3 small-12 large-3\"  >\n\t\t\t\t<div class=\"col-inner\"  >\n\t\t\t\n\t\t\t\n\t<div class=\"box has-hover   has-hover box-text-bottom\" >\n\n\t\t<div class=\"box-image\" >\n\t\t\t\t\t\t<div class=\"image-cover\" style=\"padding-top:100%;\">\n\t\t\t\t<img loading=\"lazy\" decoding=\"async\" width=\"343\" height=\"359\" src=\"https:\/\/adavietnam.com\/books\/wp-content\/uploads\/2023\/10\/NGuyen-viet-huy.png\" class=\"attachment- size-\" alt=\"\" \/>\t\t\t\t\t\t\t\t\t\t\t<\/div>\n\t\t\t\t\t<\/div>\n\n\t\t<div class=\"box-text text-center\" >\n\t\t\t<div class=\"box-text-inner\">\n\t\t\t\t\n<h4>Gi\u00e1m \u0111\u1ed1c<\/h4>\n<p>Nguy\u1ec5n Vi\u1ec7t Huy<\/p>\n\t\t\t<\/div>\n\t\t<\/div>\n\t<\/div>\n\t\n\t\t<\/div>\n\t\t\t\t\t<\/div>\n\n\t\n\n\t<div id=\"col-1218272583\" class=\"col medium-3 small-12 large-3\"  >\n\t\t\t\t<div class=\"col-inner\"  >\n\t\t\t\n\t\t\t\n\t<div id=\"text-2252292286\" class=\"text\">\n\t\t\n<ul>\n<li>Ki\u1ebfn tr\u00fac s\u01b0 Ch\u00ednh Ph\u1ee7 Ph\u00e1p c\u1ea5p b\u1eb1ng<\/li>\n<li>Gi\u1ea3ng vi\u00ean khoa Ki\u1ebfn tr\u00fac v\u00e0 Quy ho\u1ea1ch &#8211; \u0110\u1ea1i h\u1ecdc X\u00e2y d\u1ef1ng &#8211; H\u00e0 N\u1ed9i<\/li>\n<li>Ti\u1ebfn s\u0129 v\u1ec1 \u0110\u00f4 th\u1ecb \u0110\u1ea1i h\u1ecdc Paris -1 Pantheon<\/li>\n<li>Th\u1ea1c s\u0129 v\u1ec1 quy ho\u1ea1ch, \u0111\u00f4 th\u1ecb h\u00f3a v\u00e0 ph\u00e1t tri\u1ec3n<\/li>\n<li>\u0110\u1ea1i h\u1ecdc Sorbonne- Paris IV\u00a0<\/li>\n<li>Th\u1ea1c s\u0129 khoa h\u1ecdc v\u1ec1 ph\u00e2n t\u00edch \u0111\u00f4 th\u1ecb<\/li>\n\t\t\n<style>\n#text-2252292286 {\n  font-size: 0.75rem;\n}\n<\/style>\n\t<\/div>\n\t\n\t\t<\/div>\n\t\t\t\t\t<\/div>\n\n\t\n<\/div>\n\t\t<\/div>\n\n\t\t\n<style>\n#section_427549288 {\n  padding-top: 30px;\n  padding-bottom: 30px;\n}\n#section_427549288 .ux-shape-divider--top svg {\n  height: 150px;\n  --divider-top-width: 100%;\n}\n#section_427549288 .ux-shape-divider--bottom svg {\n  height: 150px;\n  --divider-width: 100%;\n}\n<\/style>\n\t<\/section>\n\t\n\t<div id=\"gap-113506923\" class=\"gap-element clearfix\" style=\"display:block; height:auto;\">\n\t\t\n<style>\n#gap-113506923 {\n  padding-top: 50px;\n}\n<\/style>\n\t<\/div>\n\t\n\t<div class=\"img has-hover x md-x lg-x y md-y lg-y\" id=\"image_2007857127\">\n\t\t\t\t\t\t\t\t<div class=\"img-inner dark\" >\n\t\t\t<img loading=\"lazy\" decoding=\"async\" width=\"1020\" height=\"721\" src=\"https:\/\/adavietnam.com\/books\/wp-content\/uploads\/2023\/10\/anh-nhan-vien-1131x800.jpg\" class=\"attachment-large size-large\" alt=\"\" srcset=\"https:\/\/adavietnam.com\/books\/wp-content\/uploads\/2023\/10\/anh-nhan-vien-1131x800.jpg 1131w, https:\/\/adavietnam.com\/books\/wp-content\/uploads\/2023\/10\/anh-nhan-vien-566x400.jpg 566w, https:\/\/adavietnam.com\/books\/wp-content\/uploads\/2023\/10\/anh-nhan-vien-768x543.jpg 768w, https:\/\/adavietnam.com\/books\/wp-content\/uploads\/2023\/10\/anh-nhan-vien-1536x1086.jpg 1536w, https:\/\/adavietnam.com\/books\/wp-content\/uploads\/2023\/10\/anh-nhan-vien-2048x1448.jpg 2048w, https:\/\/adavietnam.com\/books\/wp-content\/uploads\/2023\/10\/anh-nhan-vien-510x361.jpg 510w\" sizes=\"(max-width: 1020px) 100vw, 1020px\" \/>\t\t\t\t\t\t\n\t\t\t\t\t<\/div>\n\t\t\t\t\t\t\t\t\n<style>\n#image_2007857127 {\n  width: 100%;\n}\n<\/style>\n\t<\/div>\n\t\n","protected":false},"excerpt":{"rendered":"","protected":false},"author":1,"featured_media":0,"parent":0,"menu_order":0,"comment_status":"closed","ping_status":"closed","template":"page-blank.php","meta":{"footnotes":""},"class_list":["post-373","page","type-page","status-publish","hentry"],"jetpack_sharing_enabled":true,"_links":{"self":[{"href":"https:\/\/adavietnam.com\/books\/wp-json\/wp\/v2\/pages\/373"}],"collection":[{"href":"https:\/\/adavietnam.com\/books\/wp-json\/wp\/v2\/pages"}],"about":[{"href":"https:\/\/adavietnam.com\/books\/wp-json\/wp\/v2\/types\/page"}],"author":[{"embeddable":true,"href":"https:\/\/adavietnam.com\/books\/wp-json\/wp\/v2\/users\/1"}],"replies":[{"embeddable":true,"href":"https:\/\/adavietnam.com\/books\/wp-json\/wp\/v2\/comments?post=373"}],"version-history":[{"count":0,"href":"https:\/\/adavietnam.com\/books\/wp-json\/wp\/v2\/pages\/373\/revisions"}],"wp:attachment":[{"href":"https:\/\/adavietnam.com\/books\/wp-json\/wp\/v2\/media?parent=373"}],"curies":[{"name":"wp","href":"https:\/\/api.w.org\/{rel}","templated":true}]}}