{"id":3619,"date":"2024-09-06T17:46:29","date_gmt":"2024-09-06T10:46:29","guid":{"rendered":"https:\/\/adavietnam.com\/?page_id=3619"},"modified":"2024-09-06T17:46:29","modified_gmt":"2024-09-06T10:46:29","slug":"cong-trinh-van-hoa-en","status":"publish","type":"page","link":"https:\/\/adavietnam.com\/books\/en\/cong-trinh-van-hoa-en\/","title":{"rendered":"C\u00f4ng tr\u00ecnh v\u0103n h\u00f3a EN"},"content":{"rendered":"\t<section class=\"section\" id=\"section_2128851376\">\n\t\t<div class=\"bg section-bg fill bg-fill  bg-loaded\" >\n\n\t\t\t\n\t\t\t\n\t\t\t\n\n\t\t<\/div>\n\n\t\t\n\n\t\t<div class=\"section-content relative\">\n\t\t\t\n\n  \n    <div class=\"row large-columns-3 medium-columns- small-columns-2 row-small has-shadow row-box-shadow-1\">\n  \t\n\t     <div class=\"product-small col has-hover product type-product post-590 status-publish first instock product_cat-cong-trinh-van-hoa has-post-thumbnail shipping-taxable product-type-simple\">\n\t<div class=\"col-inner\">\n\t\n<div class=\"badge-container absolute left top z-1\">\n\n<\/div>\n\t<div class=\"product-small box \">\n\t\t<div class=\"box-image\">\n\t\t\t<div class=\"image-none\">\n\t\t\t\t<a href=\"https:\/\/adavietnam.com\/books\/san-pham\/286-trung-tam-trien-lam-quoc-gia\/\" aria-label=\"[286] Trung t\u00e2m tri\u1ec3n l\u00e3m qu\u1ed1c gia\">\n\t\t\t\t\t<img loading=\"lazy\" decoding=\"async\" width=\"247\" height=\"296\" src=\"https:\/\/adavietnam.com\/books\/wp-content\/uploads\/2023\/11\/01-4-247x296.jpg\" class=\"attachment-woocommerce_thumbnail size-woocommerce_thumbnail\" alt=\"[286] Trung t\u00e2m tri\u1ec3n l\u00e3m qu\u1ed1c gia\" \/>\t\t\t\t<\/a>\n\t\t\t<\/div>\n\t\t\t<div class=\"image-tools is-small top right show-on-hover\">\n\t\t\t\t\t\t\t<\/div>\n\t\t\t<div class=\"image-tools is-small hide-for-small bottom left show-on-hover\">\n\t\t\t\t\t\t\t<\/div>\n\t\t\t<div class=\"image-tools grid-tools text-center hide-for-small bottom hover-slide-in show-on-hover\">\n\t\t\t\t\t\t\t<\/div>\n\t\t\t\t\t<\/div>\n\n\t\t<div class=\"box-text box-text-products text-center grid-style-2\">\n\t\t\t<div class=\"title-wrapper\"><p class=\"name product-title woocommerce-loop-product__title\"><a href=\"https:\/\/adavietnam.com\/books\/san-pham\/286-trung-tam-trien-lam-quoc-gia\/\" class=\"woocommerce-LoopProduct-link woocommerce-loop-product__link\">[286] Trung t\u00e2m tri\u1ec3n l\u00e3m qu\u1ed1c gia<\/a><\/p><\/div><div class=\"price-wrapper\">\n<\/div>\t\t<\/div>\n\t<\/div>\n\t\t<\/div>\n<\/div><div class=\"product-small col has-hover product type-product post-591 status-publish instock product_cat-cong-trinh-van-hoa has-post-thumbnail shipping-taxable product-type-simple\">\n\t<div class=\"col-inner\">\n\t\n<div class=\"badge-container absolute left top z-1\">\n\n<\/div>\n\t<div class=\"product-small box \">\n\t\t<div class=\"box-image\">\n\t\t\t<div class=\"image-none\">\n\t\t\t\t<a href=\"https:\/\/adavietnam.com\/books\/san-pham\/381-cai-tao-vom-cau-long-bien\/\" aria-label=\"[381] C\u1ea3i t\u1ea1o v\u00f2m c\u1ea7u Long Bi\u00ean\">\n\t\t\t\t\t<img loading=\"lazy\" decoding=\"async\" width=\"247\" height=\"296\" src=\"https:\/\/adavietnam.com\/books\/wp-content\/uploads\/2023\/11\/01-5-247x296.jpg\" class=\"attachment-woocommerce_thumbnail size-woocommerce_thumbnail\" alt=\"[381] C\u1ea3i t\u1ea1o v\u00f2m c\u1ea7u Long Bi\u00ean\" \/>\t\t\t\t<\/a>\n\t\t\t<\/div>\n\t\t\t<div class=\"image-tools is-small top right show-on-hover\">\n\t\t\t\t\t\t\t<\/div>\n\t\t\t<div class=\"image-tools is-small hide-for-small bottom left show-on-hover\">\n\t\t\t\t\t\t\t<\/div>\n\t\t\t<div class=\"image-tools grid-tools text-center hide-for-small bottom hover-slide-in show-on-hover\">\n\t\t\t\t\t\t\t<\/div>\n\t\t\t\t\t<\/div>\n\n\t\t<div class=\"box-text box-text-products text-center grid-style-2\">\n\t\t\t<div class=\"title-wrapper\"><p class=\"name product-title woocommerce-loop-product__title\"><a href=\"https:\/\/adavietnam.com\/books\/san-pham\/381-cai-tao-vom-cau-long-bien\/\" class=\"woocommerce-LoopProduct-link woocommerce-loop-product__link\">[381] C\u1ea3i t\u1ea1o v\u00f2m c\u1ea7u Long Bi\u00ean<\/a><\/p><\/div><div class=\"price-wrapper\">\n<\/div>\t\t<\/div>\n\t<\/div>\n\t\t<\/div>\n<\/div><div class=\"product-small col has-hover product type-product post-593 status-publish last instock product_cat-cong-trinh-van-hoa has-post-thumbnail shipping-taxable product-type-simple\">\n\t<div class=\"col-inner\">\n\t\n<div class=\"badge-container absolute left top z-1\">\n\n<\/div>\n\t<div class=\"product-small box \">\n\t\t<div class=\"box-image\">\n\t\t\t<div class=\"image-none\">\n\t\t\t\t<a href=\"https:\/\/adavietnam.com\/books\/san-pham\/676-nha-hat-giao-huong-thu-thiem\/\" aria-label=\"[676] Nh\u00e0 h\u00e1t giao h\u01b0\u1edfng Th\u1ee7 Thi\u00eam\">\n\t\t\t\t\t<img loading=\"lazy\" decoding=\"async\" width=\"247\" height=\"296\" src=\"https:\/\/adavietnam.com\/books\/wp-content\/uploads\/2023\/11\/01-2-247x296.jpg\" class=\"attachment-woocommerce_thumbnail size-woocommerce_thumbnail\" alt=\"[676] Nh\u00e0 h\u00e1t giao h\u01b0\u1edfng Th\u1ee7 Thi\u00eam\" \/>\t\t\t\t<\/a>\n\t\t\t<\/div>\n\t\t\t<div class=\"image-tools is-small top right show-on-hover\">\n\t\t\t\t\t\t\t<\/div>\n\t\t\t<div class=\"image-tools is-small hide-for-small bottom left show-on-hover\">\n\t\t\t\t\t\t\t<\/div>\n\t\t\t<div class=\"image-tools grid-tools text-center hide-for-small bottom hover-slide-in show-on-hover\">\n\t\t\t\t\t\t\t<\/div>\n\t\t\t\t\t<\/div>\n\n\t\t<div class=\"box-text box-text-products text-center grid-style-2\">\n\t\t\t<div class=\"title-wrapper\"><p class=\"name product-title woocommerce-loop-product__title\"><a href=\"https:\/\/adavietnam.com\/books\/san-pham\/676-nha-hat-giao-huong-thu-thiem\/\" class=\"woocommerce-LoopProduct-link woocommerce-loop-product__link\">[676] Nh\u00e0 h\u00e1t giao h\u01b0\u1edfng Th\u1ee7 Thi\u00eam<\/a><\/p><\/div><div class=\"price-wrapper\">\n<\/div>\t\t<\/div>\n\t<\/div>\n\t\t<\/div>\n<\/div><div class=\"product-small col has-hover product type-product post-594 status-publish first instock product_cat-cong-trinh-van-hoa has-post-thumbnail shipping-taxable product-type-simple\">\n\t<div class=\"col-inner\">\n\t\n<div class=\"badge-container absolute left top z-1\">\n\n<\/div>\n\t<div class=\"product-small box \">\n\t\t<div class=\"box-image\">\n\t\t\t<div class=\"image-none\">\n\t\t\t\t<a href=\"https:\/\/adavietnam.com\/books\/san-pham\/695-khu-pho-di-bo-mailand-hanoi-city\/\" aria-label=\"[695] Khu ph\u1ed1 \u0111i b\u1ed9 Mailand Hanoi city\">\n\t\t\t\t\t<img loading=\"lazy\" decoding=\"async\" width=\"247\" height=\"296\" src=\"https:\/\/adavietnam.com\/books\/wp-content\/uploads\/2023\/11\/01-3-247x296.jpg\" class=\"attachment-woocommerce_thumbnail size-woocommerce_thumbnail\" alt=\"[695] Khu ph\u1ed1 \u0111i b\u1ed9 Mailand Hanoi city\" \/>\t\t\t\t<\/a>\n\t\t\t<\/div>\n\t\t\t<div class=\"image-tools is-small top right show-on-hover\">\n\t\t\t\t\t\t\t<\/div>\n\t\t\t<div class=\"image-tools is-small hide-for-small bottom left show-on-hover\">\n\t\t\t\t\t\t\t<\/div>\n\t\t\t<div class=\"image-tools grid-tools text-center hide-for-small bottom hover-slide-in show-on-hover\">\n\t\t\t\t\t\t\t<\/div>\n\t\t\t\t\t<\/div>\n\n\t\t<div class=\"box-text box-text-products text-center grid-style-2\">\n\t\t\t<div class=\"title-wrapper\"><p class=\"name product-title woocommerce-loop-product__title\"><a href=\"https:\/\/adavietnam.com\/books\/san-pham\/695-khu-pho-di-bo-mailand-hanoi-city\/\" class=\"woocommerce-LoopProduct-link woocommerce-loop-product__link\">[695] Khu ph\u1ed1 \u0111i b\u1ed9 Mailand Hanoi city<\/a><\/p><\/div><div class=\"price-wrapper\">\n<\/div>\t\t<\/div>\n\t<\/div>\n\t\t<\/div>\n<\/div><div class=\"product-small col has-hover product type-product post-596 status-publish instock product_cat-cong-trinh-van-hoa has-post-thumbnail shipping-taxable product-type-simple\">\n\t<div class=\"col-inner\">\n\t\n<div class=\"badge-container absolute left top z-1\">\n\n<\/div>\n\t<div class=\"product-small box \">\n\t\t<div class=\"box-image\">\n\t\t\t<div class=\"image-none\">\n\t\t\t\t<a href=\"https:\/\/adavietnam.com\/books\/san-pham\/da09-bao-tang-truong-sa\/\" aria-label=\"[DA09] B\u1ea3o t\u00e0ng Tr\u01b0\u1eddng Sa\">\n\t\t\t\t\t<img loading=\"lazy\" decoding=\"async\" width=\"247\" height=\"296\" src=\"https:\/\/adavietnam.com\/books\/wp-content\/uploads\/2023\/11\/01-247x296.jpg\" class=\"attachment-woocommerce_thumbnail size-woocommerce_thumbnail\" alt=\"[DA09] B\u1ea3o t\u00e0ng Tr\u01b0\u1eddng Sa\" \/>\t\t\t\t<\/a>\n\t\t\t<\/div>\n\t\t\t<div class=\"image-tools is-small top right show-on-hover\">\n\t\t\t\t\t\t\t<\/div>\n\t\t\t<div class=\"image-tools is-small hide-for-small bottom left show-on-hover\">\n\t\t\t\t\t\t\t<\/div>\n\t\t\t<div class=\"image-tools grid-tools text-center hide-for-small bottom hover-slide-in show-on-hover\">\n\t\t\t\t\t\t\t<\/div>\n\t\t\t\t\t<\/div>\n\n\t\t<div class=\"box-text box-text-products text-center grid-style-2\">\n\t\t\t<div class=\"title-wrapper\"><p class=\"name product-title woocommerce-loop-product__title\"><a href=\"https:\/\/adavietnam.com\/books\/san-pham\/da09-bao-tang-truong-sa\/\" class=\"woocommerce-LoopProduct-link woocommerce-loop-product__link\">[DA09] B\u1ea3o t\u00e0ng Tr\u01b0\u1eddng Sa<\/a><\/p><\/div><div class=\"price-wrapper\">\n<\/div>\t\t<\/div>\n\t<\/div>\n\t\t<\/div>\n<\/div><\/div>\n\t\t<\/div>\n\n\t\t\n<style>\n#section_2128851376 {\n  padding-top: 30px;\n  padding-bottom: 30px;\n  background-color: rgb(0, 32, 70);\n}\n#section_2128851376 .ux-shape-divider--top svg {\n  height: 150px;\n  --divider-top-width: 100%;\n}\n#section_2128851376 .ux-shape-divider--bottom svg {\n  height: 150px;\n  --divider-width: 100%;\n}\n<\/style>\n\t<\/section>\n\t\n","protected":false},"excerpt":{"rendered":"","protected":false},"author":7,"featured_media":0,"parent":0,"menu_order":0,"comment_status":"closed","ping_status":"closed","template":"page-blank.php","meta":{"footnotes":""},"class_list":["post-3619","page","type-page","status-publish","hentry"],"jetpack_sharing_enabled":true,"_links":{"self":[{"href":"https:\/\/adavietnam.com\/books\/wp-json\/wp\/v2\/pages\/3619"}],"collection":[{"href":"https:\/\/adavietnam.com\/books\/wp-json\/wp\/v2\/pages"}],"about":[{"href":"https:\/\/adavietnam.com\/books\/wp-json\/wp\/v2\/types\/page"}],"author":[{"embeddable":true,"href":"https:\/\/adavietnam.com\/books\/wp-json\/wp\/v2\/users\/7"}],"replies":[{"embeddable":true,"href":"https:\/\/adavietnam.com\/books\/wp-json\/wp\/v2\/comments?post=3619"}],"version-history":[{"count":0,"href":"https:\/\/adavietnam.com\/books\/wp-json\/wp\/v2\/pages\/3619\/revisions"}],"wp:attachment":[{"href":"https:\/\/adavietnam.com\/books\/wp-json\/wp\/v2\/media?parent=3619"}],"curies":[{"name":"wp","href":"https:\/\/api.w.org\/{rel}","templated":true}]}}